{"id":17,"date":"2020-11-25T14:40:33","date_gmt":"2020-11-25T19:40:33","guid":{"rendered":"http:\/\/sites.miamioh.edu\/stormlake\/?page_id=17"},"modified":"2020-12-02T16:20:31","modified_gmt":"2020-12-02T21:20:31","slug":"participate","status":"publish","type":"page","link":"https:\/\/sites.miamioh.edu\/stormlake\/participate\/","title":{"rendered":"\u00a1\u00danase a Nosotros! Participate!"},"content":{"rendered":"\n<div class=\"wp-block-columns has-2-columns is-layout-flex wp-container-core-columns-is-layout-9d6595d7 wp-block-columns-is-layout-flex\">\n<div class=\"wp-block-column is-layout-flow wp-block-column-is-layout-flow\">\n<p>Quisi\u00e9ramos trabajar con los residentes de Storm Lake&#8211;o con personas del pueblo quienes viven en otro lugar&#8211;en esta investigaci\u00f3n. Se puede participar de las siguientes maneras:<\/p>\n\n\n\n<p>1. \u00bfTiene usted una historia de migraci\u00f3n a Storm Lake para conseguir trabajo u oportunidades nuevas? En particular nos interesa la inmigraci\u00f3n internacional para entender la diversidad del pueblo. \u00bfTiene usted memorias de la vida en Storm Lake desde 1980s\/1990s, o antes, al presente? \u00bfHa visto usted los cambios en el pueblo durante los \u00faltimos 40 a\u00f1os? \u00bfFue usted parte de ese cambio? <strong>Nos gustar\u00eda grabar una entrevista con usted. Podr\u00edamos hacerlo por Zoom, por tel\u00e9fono, o de la manera que usted prefiera.<\/strong><\/p>\n\n\n\n<p>2. \u00bfTiene usted inter\u00e9s en las investigaciones de historia? Nuestra clase usa un sistema conectado al internet para analizar art\u00edculos en <em>el Storm Lake Times<\/em> y <em>el Storm Lake Pilot-Tribune. <\/em><strong>Nos gustar\u00eda trabajar con personas a quienes les interesar\u00eda leer varios art\u00edculos entre 1980 al presente, y tomar notas sobre los art\u00edculos, e identificar a personas y palabras clave. <\/strong>Es muy f\u00e1cil, y podemos ense\u00f1arle a usar el sistema en menos de 30 minutos.<\/p>\n\n\n\n<p>Todos los documentos creados por este proyecto ser\u00e1n donados a Buena Vista County Historical Society, para ser archivados y estar disponibles para cualquier persona\/entidad interesada.<\/p>\n\n\n\n<p>Si a usted le interesar\u00eda participar de alguna manera, por favor llene el formulario aqu\u00ed:<\/p>\n<\/div>\n\n\n\n<div class=\"wp-block-column is-layout-flow wp-block-column-is-layout-flow\">\n<p>We would love for Storm Lake residents&#8211;or people from the town located elsewhere&#8211;to participate in this historical research. You can do so in a couple of ways:<\/p>\n\n\n\n<p>1. Do you have a story of migrating to Storm Lake for work or new opportunities? We are especially interested in international migration and capturing the diversity of the town and county. Do you have personal memories of life in Storm Lake from the 1980s\/1990s, or before, to the present? Have you seen the town change in the last 40 years? Have you been a part of that change? <strong>We&#8217;d like to record an oral history interview with you. We can do this via Zoom, telephone, or another preferred way.<\/strong><\/p>\n\n\n\n<p>2. Do you have an interest in historical research? Our class is using an electronic platform to analyze past issues of the <em>Storm Lake Times<\/em> and the <em>Storm Lake Pilot-Tribune<\/em>. <strong>We welcome all volunteers who would enjoy reading various articles between 1980 and the present, taking notes about the articles, and tagging keywords and people to the records.<\/strong> This is easy to do, and we can provide the training in less than 30 minutes.<\/p>\n\n\n\n<p>All of the records created from this project will be donated to the Buena Vista County Historical Society, for safekeeping for future generations.<\/p>\n\n\n\n<p>If you are interested in participating in some way, please fill out the following form:<\/p>\n<\/div>\n<\/div>\n\n\n\n<iframe loading=\"lazy\" src=\" https:\/\/docs.google.com\/forms\/d\/e\/1FAIpQLSe2yiHT8tUeb6jp6Yw9gFZeOCaOAOqk9H6Xx6EgohqUMF1VPg\/viewform?embedded=true\" width=\"640\" height=\"1435\" frameborder=\"0\" marginheight=\"0\" marginwidth=\"0\">Loading\u2026<\/iframe>\n","protected":false},"excerpt":{"rendered":"<p>Quisi\u00e9ramos trabajar con los residentes de Storm Lake&#8211;o con personas del pueblo quienes viven en otro lugar&#8211;en esta investigaci\u00f3n. Se puede participar de las siguientes maneras: 1. \u00bfTiene usted una historia de migraci\u00f3n a Storm Lake para conseguir trabajo u oportunidades nuevas? En particular nos interesa la inmigraci\u00f3n internacional para&#8230; <a class=\"continue-reading-link\" href=\"https:\/\/sites.miamioh.edu\/stormlake\/participate\/\">Continue reading<\/a><\/p>\n","protected":false},"author":3041,"featured_media":0,"parent":0,"menu_order":0,"comment_status":"closed","ping_status":"closed","template":"","meta":{"_bbp_topic_count":0,"_bbp_reply_count":0,"_bbp_total_topic_count":0,"_bbp_total_reply_count":0,"_bbp_voice_count":0,"_bbp_anonymous_reply_count":0,"_bbp_topic_count_hidden":0,"_bbp_reply_count_hidden":0,"_bbp_forum_subforum_count":0,"_s2mail":"","footnotes":""},"class_list":["post-17","page","type-page","status-publish","hentry"],"_links":{"self":[{"href":"https:\/\/sites.miamioh.edu\/stormlake\/wp-json\/wp\/v2\/pages\/17","targetHints":{"allow":["GET"]}}],"collection":[{"href":"https:\/\/sites.miamioh.edu\/stormlake\/wp-json\/wp\/v2\/pages"}],"about":[{"href":"https:\/\/sites.miamioh.edu\/stormlake\/wp-json\/wp\/v2\/types\/page"}],"author":[{"embeddable":true,"href":"https:\/\/sites.miamioh.edu\/stormlake\/wp-json\/wp\/v2\/users\/3041"}],"replies":[{"embeddable":true,"href":"https:\/\/sites.miamioh.edu\/stormlake\/wp-json\/wp\/v2\/comments?post=17"}],"version-history":[{"count":22,"href":"https:\/\/sites.miamioh.edu\/stormlake\/wp-json\/wp\/v2\/pages\/17\/revisions"}],"predecessor-version":[{"id":141,"href":"https:\/\/sites.miamioh.edu\/stormlake\/wp-json\/wp\/v2\/pages\/17\/revisions\/141"}],"wp:attachment":[{"href":"https:\/\/sites.miamioh.edu\/stormlake\/wp-json\/wp\/v2\/media?parent=17"}],"curies":[{"name":"wp","href":"https:\/\/api.w.org\/{rel}","templated":true}]}}