{"id":12,"date":"2020-05-04T16:47:18","date_gmt":"2020-05-04T20:47:18","guid":{"rendered":"http:\/\/sites.miamioh.edu\/myaamia-ribbonwork\/?page_id=12"},"modified":"2020-05-04T16:47:18","modified_gmt":"2020-05-04T20:47:18","slug":"thematic-organization","status":"publish","type":"page","link":"https:\/\/sites.miamioh.edu\/myaamia-ribbonwork\/about\/thematic-organization\/","title":{"rendered":"Thematic Organization"},"content":{"rendered":"\n<p>This exhibition contains four themes that provide different perspectives for<br> viewing Myaamia ribbonwork. Each theme has its own area in the gallery<br> and its own color coded icon. Objects associated with each theme will have that theme\u2019s icon on its label.<\/p>\n\n\n\n<div class=\"wp-block-image\"><figure class=\"alignleft is-resized\"><img loading=\"lazy\" decoding=\"async\" src=\"https:\/\/sites.miamioh.edu\/myaamia-ribbonwork\/files\/2020\/05\/Screenshot-43.png\" alt=\"\" class=\"wp-image-13\" width=\"107\" height=\"93\" srcset=\"https:\/\/sites.miamioh.edu\/myaamia-ribbonwork\/files\/2020\/05\/Screenshot-43.png 850w, https:\/\/sites.miamioh.edu\/myaamia-ribbonwork\/files\/2020\/05\/Screenshot-43-300x262.png 300w, https:\/\/sites.miamioh.edu\/myaamia-ribbonwork\/files\/2020\/05\/Screenshot-43-768x670.png 768w\" sizes=\"auto, (max-width: 107px) 100vw, 107px\" \/><\/figure><\/div>\n\n\n\n<p><strong>Rediscovering<\/strong><br><em>taani\u0161i aapoo\u0161i meehkamaanki peepanki\u0161aapiikahkia eehkwaatamenki?<\/em><br><strong>How was ribbonwork rediscovered?<br><\/strong>This theme explores how knowledge of ribbonwork was reclaimed and spurred a broader reclamation and revitalization of Myaamia design and aesthetics.<\/p>\n\n\n\n<div class=\"wp-block-image\"><figure class=\"alignleft is-resized\"><img loading=\"lazy\" decoding=\"async\" src=\"https:\/\/sites.miamioh.edu\/myaamia-ribbonwork\/files\/2020\/05\/Screenshot-44.png\" alt=\"\" class=\"wp-image-14\" width=\"107\" height=\"92\" srcset=\"https:\/\/sites.miamioh.edu\/myaamia-ribbonwork\/files\/2020\/05\/Screenshot-44.png 852w, https:\/\/sites.miamioh.edu\/myaamia-ribbonwork\/files\/2020\/05\/Screenshot-44-300x257.png 300w, https:\/\/sites.miamioh.edu\/myaamia-ribbonwork\/files\/2020\/05\/Screenshot-44-768x659.png 768w\" sizes=\"auto, (max-width: 107px) 100vw, 107px\" \/><\/figure><\/div>\n\n\n\n<p><strong>Making<br><\/strong><em>taani\u0161i eehkwaatamaanki eehkwaatamenki peepanki\u0161aapiikahkia?<\/em><br><strong>How is ribbonwork made?<br><\/strong>This theme looks at the process by which ribbonwork was made in the past and the various methods and materials Myaamia people use today.<\/p>\n\n\n\n<div class=\"wp-block-image\"><figure class=\"alignleft is-resized\"><img loading=\"lazy\" decoding=\"async\" src=\"https:\/\/sites.miamioh.edu\/myaamia-ribbonwork\/files\/2020\/05\/Screenshot-45.png\" alt=\"\" class=\"wp-image-15\" width=\"109\" height=\"101\" srcset=\"https:\/\/sites.miamioh.edu\/myaamia-ribbonwork\/files\/2020\/05\/Screenshot-45.png 824w, https:\/\/sites.miamioh.edu\/myaamia-ribbonwork\/files\/2020\/05\/Screenshot-45-300x279.png 300w, https:\/\/sites.miamioh.edu\/myaamia-ribbonwork\/files\/2020\/05\/Screenshot-45-768x714.png 768w\" sizes=\"auto, (max-width: 109px) 100vw, 109px\" \/><\/figure><\/div>\n\n\n\n<p><strong>Losing<\/strong><br><em>taani\u0161i pooneelintaminki peepanki\u0161aapiikahkia eehkwaatamenki?<\/em><br><strong>How was ribbonwork lost?<br><\/strong>This theme examines the processes that took ribbonwork out of the Myaamia community and led to a dormancy of the artform.<\/p>\n\n\n\n<div class=\"wp-block-image\"><figure class=\"alignleft is-resized\"><img loading=\"lazy\" decoding=\"async\" src=\"https:\/\/sites.miamioh.edu\/myaamia-ribbonwork\/files\/2020\/05\/Screenshot-46.png\" alt=\"\" class=\"wp-image-16\" width=\"108\" height=\"98\" srcset=\"https:\/\/sites.miamioh.edu\/myaamia-ribbonwork\/files\/2020\/05\/Screenshot-46.png 823w, https:\/\/sites.miamioh.edu\/myaamia-ribbonwork\/files\/2020\/05\/Screenshot-46-300x274.png 300w, https:\/\/sites.miamioh.edu\/myaamia-ribbonwork\/files\/2020\/05\/Screenshot-46-768x701.png 768w\" sizes=\"auto, (max-width: 108px) 100vw, 108px\" \/><\/figure><\/div>\n\n\n\n<p><strong>Family<\/strong><br><em>taani\u0161i eeweemaaciki peehkiciihaawaaci?<br><\/em><strong>How did families dress them well?<br><\/strong>This theme focuses on the labor and wealth necessary for families to collectively produce ribbonwork and the symbolic meaning of its public display.<\/p>\n\n\n<p><!--EndFragment--><br>\n<br>\n<\/p>","protected":false},"excerpt":{"rendered":"<div class=\"mh-excerpt\"><p>This exhibition contains four themes that provide different perspectives for viewing Myaamia ribbonwork. Each theme has its own area in the gallery and its own <a class=\"mh-excerpt-more\" href=\"https:\/\/sites.miamioh.edu\/myaamia-ribbonwork\/about\/thematic-organization\/\" title=\"Thematic Organization\">[&#8230;]<\/a><\/p>\n<\/div>","protected":false},"author":2926,"featured_media":0,"parent":2,"menu_order":0,"comment_status":"closed","ping_status":"closed","template":"","meta":{"_bbp_topic_count":0,"_bbp_reply_count":0,"_bbp_total_topic_count":0,"_bbp_total_reply_count":0,"_bbp_voice_count":0,"_bbp_anonymous_reply_count":0,"_bbp_topic_count_hidden":0,"_bbp_reply_count_hidden":0,"_bbp_forum_subforum_count":0,"footnotes":""},"class_list":["post-12","page","type-page","status-publish","hentry"],"_links":{"self":[{"href":"https:\/\/sites.miamioh.edu\/myaamia-ribbonwork\/wp-json\/wp\/v2\/pages\/12","targetHints":{"allow":["GET"]}}],"collection":[{"href":"https:\/\/sites.miamioh.edu\/myaamia-ribbonwork\/wp-json\/wp\/v2\/pages"}],"about":[{"href":"https:\/\/sites.miamioh.edu\/myaamia-ribbonwork\/wp-json\/wp\/v2\/types\/page"}],"author":[{"embeddable":true,"href":"https:\/\/sites.miamioh.edu\/myaamia-ribbonwork\/wp-json\/wp\/v2\/users\/2926"}],"replies":[{"embeddable":true,"href":"https:\/\/sites.miamioh.edu\/myaamia-ribbonwork\/wp-json\/wp\/v2\/comments?post=12"}],"version-history":[{"count":4,"href":"https:\/\/sites.miamioh.edu\/myaamia-ribbonwork\/wp-json\/wp\/v2\/pages\/12\/revisions"}],"predecessor-version":[{"id":20,"href":"https:\/\/sites.miamioh.edu\/myaamia-ribbonwork\/wp-json\/wp\/v2\/pages\/12\/revisions\/20"}],"up":[{"embeddable":true,"href":"https:\/\/sites.miamioh.edu\/myaamia-ribbonwork\/wp-json\/wp\/v2\/pages\/2"}],"wp:attachment":[{"href":"https:\/\/sites.miamioh.edu\/myaamia-ribbonwork\/wp-json\/wp\/v2\/media?parent=12"}],"curies":[{"name":"wp","href":"https:\/\/api.w.org\/{rel}","templated":true}]}}