{"id":70,"date":"2018-07-06T15:01:09","date_gmt":"2018-07-06T19:01:09","guid":{"rendered":"http:\/\/sites.miamioh.edu\/meyersde\/?page_id=70"},"modified":"2021-07-29T10:02:59","modified_gmt":"2021-07-29T14:02:59","slug":"german-two-way-prepositions","status":"publish","type":"page","link":"https:\/\/sites.miamioh.edu\/meyersde\/german-two-way-prepositions\/","title":{"rendered":"German Two-Way Prepositions"},"content":{"rendered":"\n<p class=\"has-text-align-center\">an \u2022 auf \u2022 hinter \u2022 neben \u2022 \u00fcber \u2022 unter \u2022 vor \u2022 zwischen<\/p>\n\n\n\n<div class=\"wp-block-image\"><figure class=\"aligncenter\"><img loading=\"lazy\" decoding=\"async\" width=\"1024\" height=\"1024\" src=\"http:\/\/sites.miamioh.edu\/meyersde\/files\/2018\/07\/German-Two-Way-Prepositions-1-1024x1024.png\" alt=\"\" class=\"wp-image-71\" srcset=\"https:\/\/sites.miamioh.edu\/meyersde\/files\/2018\/07\/German-Two-Way-Prepositions-1-1024x1024.png 1024w, https:\/\/sites.miamioh.edu\/meyersde\/files\/2018\/07\/German-Two-Way-Prepositions-1-150x150.png 150w, https:\/\/sites.miamioh.edu\/meyersde\/files\/2018\/07\/German-Two-Way-Prepositions-1-300x300.png 300w, https:\/\/sites.miamioh.edu\/meyersde\/files\/2018\/07\/German-Two-Way-Prepositions-1-768x768.png 768w, https:\/\/sites.miamioh.edu\/meyersde\/files\/2018\/07\/German-Two-Way-Prepositions-1-624x624.png 624w\" sizes=\"auto, (max-width: 1024px) 100vw, 1024px\" \/><\/figure><\/div>\n\n\n\n<p>The following two-way prepositions are called&nbsp;<em>Wechselpr\u00e4positionen<\/em>&nbsp;in German (from the verb&nbsp;<em>wechseln<\/em>,&nbsp;to change). They\u2019re accusative when they express motion\/direction, and dative when they express only location:<\/p>\n\n\n\n<p><strong>DATIVE FORMS &#8211; Stationary position or motion within a confined space<\/strong><\/p>\n\n\n\n<p><strong>an<\/strong> &nbsp;= &nbsp;at (an einem Ort &nbsp;= at a place); on (an der Wand = on the wall), on (an jedem Sonntag = on every Sunday)<\/p>\n\n\n\n<p><strong>auf<\/strong> = concept of on top of something (auf See = at sea), (auf der Erde = on earth), (auf dem Platz = in the square), in (auf der Uni = at school), at (Das Thermometer steht auf 15\u00b0 = The thermometer stands at 15\u00b0).<\/p>\n\n\n\n<p><strong>hinter<\/strong> = behind (hinter dem Haus = behind the house), (hinter jemanden stehen = stand behind someone)<\/p>\n\n\n\n<p><strong>neben<\/strong> = next to, beside (neben jemandem sitzen = sit next to someone)<\/p>\n\n\n\n<p><strong>in<\/strong> = in or inside of. (Google sieht die Liebe&nbsp;in unseren&nbsp;Herzen. = Google sees into the love located in our hearts<\/p>\n\n\n\n<p><strong>\u00fcber<\/strong> = over, above (\u00fcber jemandem wohnen = live above someone else), (10\u00b0 \u00fcber Null = 10\u00b0 above zero)<\/p>\n\n\n\n<p><strong>unter<\/strong> = under (unter jemandem wohnen = live under someone), (Mengen unter 100 Stuck = items under a quantity of 100)<\/p>\n\n\n\n<p><strong>vor<\/strong> = in front of (200m vor der Abzweigung = 200m before the turn-off), before (f\u00fcnf vor sieben = five minutes before seven o\u2019clock), in front of (vor Zeugen = in front of witnesses)<\/p>\n\n\n\n<p><strong>zwischen<\/strong> = between (es liegt zwischen der T\u00fcr und dem Teppich = it\u2019s lying between the door and the rug)<\/p>\n\n\n\n<p><strong>ACCUSATIVE FORMS &#8211; Motion towards a set goal, direction, or destination<\/strong><\/p>\n\n\n\n<p><strong>an<\/strong> = to (etwas an jemanden schicken = send something to someone), on (etwas on etwas h\u00e4ngen = to hang something on something)<\/p>\n\n\n\n<p><strong>auf<\/strong> = on (auf einen Stuhl setzten = sit down on the stool), on (sich auf das Bett legen = lie down on the bed).<\/p>\n\n\n\n<p><strong>hinter<\/strong> = behind (hinter das Haus gehen = go behind the house), (etwas hinter sich bringen = get something done and over with)<\/p>\n\n\n\n<p><strong>neben<\/strong> = next to, beside (neben das Haus rennen = run next to &nbsp;the house)<\/p>\n\n\n\n<p><strong>in<\/strong> = in or inside with an action verb. (Der Artz sieht&nbsp;in mein&nbsp;Herz = The doctor literally sees into my heart).;<\/p>\n\n\n\n<p><strong>\u00fcber<\/strong> = over, across (\u00fcber Karlsruhe nach Stuttgart = via Karlsruhe to Stuttgart), (\u00fcber die Stra\u00dfe gehen = cross the street)<\/p>\n\n\n\n<p><strong>unter<\/strong> = unter, below (unter den Tisch = under the table), (unter Null sinken = drop below zero)<\/p>\n\n\n\n<p><strong>vor<\/strong> = in front of (keinen Schritt vor die T\u00fcr setzen = not set foot outside the door), to (er fuhr bis vor die Haust\u00fcr = he drove right up to the front door)<\/p>\n\n\n\n<p><strong>zwischen<\/strong> = between (Rennen Sie zwischen die Ha\u00fcser! = Run between the two houses)<\/p>\n","protected":false},"excerpt":{"rendered":"<p>an \u2022 auf \u2022 hinter \u2022 neben \u2022 \u00fcber \u2022 unter \u2022 vor \u2022 zwischen The following two-way prepositions are called&nbsp;Wechselpr\u00e4positionen&nbsp;in German (from the verb&nbsp;wechseln,&nbsp;to change). They\u2019re accusative when they express motion\/direction, and dative when they express only location: DATIVE FORMS &#8211; Stationary position or motion within a confined space an &nbsp;= &nbsp;at (an einem [&hellip;]<\/p>\n","protected":false},"author":1593,"featured_media":0,"parent":0,"menu_order":202,"comment_status":"closed","ping_status":"closed","template":"","meta":{"_bbp_topic_count":0,"_bbp_reply_count":0,"_bbp_total_topic_count":0,"_bbp_total_reply_count":0,"_bbp_voice_count":0,"_bbp_anonymous_reply_count":0,"_bbp_topic_count_hidden":0,"_bbp_reply_count_hidden":0,"_bbp_forum_subforum_count":0,"footnotes":""},"class_list":["post-70","page","type-page","status-publish","hentry"],"_links":{"self":[{"href":"https:\/\/sites.miamioh.edu\/meyersde\/wp-json\/wp\/v2\/pages\/70","targetHints":{"allow":["GET"]}}],"collection":[{"href":"https:\/\/sites.miamioh.edu\/meyersde\/wp-json\/wp\/v2\/pages"}],"about":[{"href":"https:\/\/sites.miamioh.edu\/meyersde\/wp-json\/wp\/v2\/types\/page"}],"author":[{"embeddable":true,"href":"https:\/\/sites.miamioh.edu\/meyersde\/wp-json\/wp\/v2\/users\/1593"}],"replies":[{"embeddable":true,"href":"https:\/\/sites.miamioh.edu\/meyersde\/wp-json\/wp\/v2\/comments?post=70"}],"version-history":[{"count":5,"href":"https:\/\/sites.miamioh.edu\/meyersde\/wp-json\/wp\/v2\/pages\/70\/revisions"}],"predecessor-version":[{"id":280,"href":"https:\/\/sites.miamioh.edu\/meyersde\/wp-json\/wp\/v2\/pages\/70\/revisions\/280"}],"wp:attachment":[{"href":"https:\/\/sites.miamioh.edu\/meyersde\/wp-json\/wp\/v2\/media?parent=70"}],"curies":[{"name":"wp","href":"https:\/\/api.w.org\/{rel}","templated":true}]}}