{"id":1231,"date":"2026-02-24T18:46:58","date_gmt":"2026-02-24T23:46:58","guid":{"rendered":"https:\/\/sites.miamioh.edu\/meyersde\/?page_id=1231"},"modified":"2026-02-24T19:34:21","modified_gmt":"2026-02-25T00:34:21","slug":"ral-color-names","status":"publish","type":"page","link":"https:\/\/sites.miamioh.edu\/meyersde\/ral-color-names\/","title":{"rendered":"RAL Color Names in Various Foreign Languages"},"content":{"rendered":"\n<p>In 1927, the German group <em>Reichs-Ausschu\u00df f\u00fcr Lieferbedingungen und G\u00fctesicherung <\/em>(Imperial Committee for Delivery and Quality Assurance) invented a colour management system that is still used in Europe. The system&#8217;s modern caretaker is administered by the German <em>RAL GmbH<\/em> which is a subsidiary of the German <em>RAL Institut<\/em>. The names in the lists below are from the RAL Classic color system, created in 1927 and modified in 1930, and the RAL Design system, which was created in 1993.<\/p>\n\n\n\n<ul class=\"wp-block-list\">\n<li><a href=\"https:\/\/sites.miamioh.edu\/meyersde\/ral-color-names\/chinese\/\" data-type=\"page\" data-id=\"1242\">Chinese Mandarin<\/a><\/li>\n\n\n\n<li><a href=\"https:\/\/sites.miamioh.edu\/meyersde\/ral-color-names\/dutch\/\" data-type=\"page\" data-id=\"1261\">Dutch<\/a><\/li>\n\n\n\n<li><a href=\"https:\/\/sites.miamioh.edu\/meyersde\/ral-color-names\/french\/\" data-type=\"page\" data-id=\"1247\">French<\/a><\/li>\n\n\n\n<li><a href=\"https:\/\/sites.miamioh.edu\/meyersde\/ral-color-names\/german\/\" data-type=\"page\" data-id=\"1228\">German<\/a><\/li>\n\n\n\n<li><a href=\"https:\/\/sites.miamioh.edu\/meyersde\/ral-color-names\/italian\/\" data-type=\"page\" data-id=\"1249\">Italian<\/a><\/li>\n\n\n\n<li><a href=\"https:\/\/sites.miamioh.edu\/meyersde\/ral-color-names\/russian\/\" data-type=\"page\" data-id=\"1254\">Russian<\/a><\/li>\n\n\n\n<li><a href=\"https:\/\/sites.miamioh.edu\/meyersde\/ral-color-names\/spanish\/\" data-type=\"page\" data-id=\"1256\">Spanish<\/a><\/li>\n<\/ul>\n\n\n\n<p><\/p>\n","protected":false},"excerpt":{"rendered":"<p>In 1927, the German group Reichs-Ausschu\u00df f\u00fcr Lieferbedingungen und G\u00fctesicherung (Imperial Committee for Delivery and Quality Assurance) invented a colour management system that is still used in Europe. The system&#8217;s modern caretaker is administered by the German RAL GmbH which is a subsidiary of the German RAL Institut. The names in the lists below are [&hellip;]<\/p>\n","protected":false},"author":1593,"featured_media":0,"parent":0,"menu_order":0,"comment_status":"closed","ping_status":"closed","template":"","meta":{"_bbp_topic_count":0,"_bbp_reply_count":0,"_bbp_total_topic_count":0,"_bbp_total_reply_count":0,"_bbp_voice_count":0,"_bbp_anonymous_reply_count":0,"_bbp_topic_count_hidden":0,"_bbp_reply_count_hidden":0,"_bbp_forum_subforum_count":0,"footnotes":""},"class_list":["post-1231","page","type-page","status-publish","hentry"],"_links":{"self":[{"href":"https:\/\/sites.miamioh.edu\/meyersde\/wp-json\/wp\/v2\/pages\/1231","targetHints":{"allow":["GET"]}}],"collection":[{"href":"https:\/\/sites.miamioh.edu\/meyersde\/wp-json\/wp\/v2\/pages"}],"about":[{"href":"https:\/\/sites.miamioh.edu\/meyersde\/wp-json\/wp\/v2\/types\/page"}],"author":[{"embeddable":true,"href":"https:\/\/sites.miamioh.edu\/meyersde\/wp-json\/wp\/v2\/users\/1593"}],"replies":[{"embeddable":true,"href":"https:\/\/sites.miamioh.edu\/meyersde\/wp-json\/wp\/v2\/comments?post=1231"}],"version-history":[{"count":10,"href":"https:\/\/sites.miamioh.edu\/meyersde\/wp-json\/wp\/v2\/pages\/1231\/revisions"}],"predecessor-version":[{"id":1263,"href":"https:\/\/sites.miamioh.edu\/meyersde\/wp-json\/wp\/v2\/pages\/1231\/revisions\/1263"}],"wp:attachment":[{"href":"https:\/\/sites.miamioh.edu\/meyersde\/wp-json\/wp\/v2\/media?parent=1231"}],"curies":[{"name":"wp","href":"https:\/\/api.w.org\/{rel}","templated":true}]}}